{"id":93,"date":"2018-03-30T07:42:34","date_gmt":"2018-03-30T05:42:34","guid":{"rendered":"http:\/\/heck.pl\/?page_id=93"},"modified":"2022-06-23T11:42:49","modified_gmt":"2022-06-23T09:42:49","slug":"kontakt","status":"publish","type":"page","link":"http:\/\/heck.pl\/?page_id=93","title":{"rendered":"Kontakt"},"content":{"rendered":"\t\t<div data-elementor-type=\"wp-post\" data-elementor-id=\"93\" class=\"elementor elementor-93\">\n\t\t\t\t\t\t<div class=\"elementor-inner\">\n\t\t\t\t<div class=\"elementor-section-wrap\">\n\t\t\t\t\t\t\t\t\t<section class=\"elementor-section elementor-top-section elementor-element elementor-element-91a2f82 elementor-section-boxed elementor-section-height-default elementor-section-height-default\" data-id=\"91a2f82\" data-element_type=\"section\">\n\t\t\t\t\t\t<div class=\"elementor-container elementor-column-gap-default\">\n\t\t\t\t\t\t\t<div class=\"elementor-row\">\n\t\t\t\t\t<div class=\"elementor-column elementor-col-100 elementor-top-column elementor-element elementor-element-d06718f\" data-id=\"d06718f\" data-element_type=\"column\">\n\t\t\t<div class=\"elementor-column-wrap\">\n\t\t\t\t\t\t\t<div class=\"elementor-widget-wrap\">\n\t\t\t\t\t\t\t\t<\/div>\n\t\t\t\t\t<\/div>\n\t\t<\/div>\n\t\t\t\t\t\t\t\t<\/div>\n\t\t\t\t\t<\/div>\n\t\t<\/section>\n\t\t\t\t<section class=\"elementor-section elementor-top-section elementor-element elementor-element-39e1696d elementor-section-content-middle elementor-section-boxed elementor-section-height-default elementor-section-height-default\" data-id=\"39e1696d\" data-element_type=\"section\">\n\t\t\t\t\t\t<div class=\"elementor-container elementor-column-gap-default\">\n\t\t\t\t\t\t\t<div class=\"elementor-row\">\n\t\t\t\t\t<div class=\"elementor-column elementor-col-50 elementor-top-column elementor-element elementor-element-410d0bf2\" data-id=\"410d0bf2\" data-element_type=\"column\">\n\t\t\t<div class=\"elementor-column-wrap elementor-element-populated\">\n\t\t\t\t\t\t\t<div class=\"elementor-widget-wrap\">\n\t\t\t\t\t\t<div class=\"elementor-element elementor-element-7b84846a elementor-widget elementor-widget-text-editor\" data-id=\"7b84846a\" data-element_type=\"widget\" data-widget_type=\"text-editor.default\">\n\t\t\t\t<div class=\"elementor-widget-container\">\n\t\t\t\t\t\t\t\t<div class=\"elementor-text-editor elementor-clearfix\">\n\t\t\t\t<h2><span style=\"font-weight: normal;\">mgr in\u017c. arch. Micha\u0142 Heck<\/span><\/h2>\n<h2><span style=\"font-weight: normal;\">tel. +48 604 180 623<\/span><\/h2>\n<h2><span style=\"font-weight: normal;\">heck@heck.pl<\/span><\/h2>\t\t\t\t\t<\/div>\n\t\t\t\t\t\t<\/div>\n\t\t\t\t<\/div>\n\t\t\t\t\t\t<\/div>\n\t\t\t\t\t<\/div>\n\t\t<\/div>\n\t\t\t\t<div class=\"elementor-column elementor-col-50 elementor-top-column elementor-element elementor-element-7831c0fd\" data-id=\"7831c0fd\" data-element_type=\"column\">\n\t\t\t<div class=\"elementor-column-wrap\">\n\t\t\t\t\t\t\t<div class=\"elementor-widget-wrap\">\n\t\t\t\t\t\t\t\t<\/div>\n\t\t\t\t\t<\/div>\n\t\t<\/div>\n\t\t\t\t\t\t\t\t<\/div>\n\t\t\t\t\t<\/div>\n\t\t<\/section>\n\t\t\t\t\t\t\t\t\t<\/div>\n\t\t\t<\/div>\n\t\t\t\t\t<\/div>\n\t\t","protected":false},"excerpt":{"rendered":"<p>mgr in\u017c. arch. Micha\u0142 Heck tel. +48 604 180 623 heck@heck.pl<\/p>\n","protected":false},"author":1,"featured_media":0,"parent":0,"menu_order":0,"comment_status":"closed","ping_status":"closed","template":"","meta":{"footnotes":""},"class_list":["post-93","page","type-page","status-publish","hentry"],"yoast_head":"<!-- This site is optimized with the Yoast SEO plugin v19.1 - https:\/\/yoast.com\/wordpress\/plugins\/seo\/ -->\n<title>Kontakt - MICHA\u0141 HECK<\/title>\n<meta name=\"robots\" content=\"index, follow, max-snippet:-1, max-image-preview:large, max-video-preview:-1\" \/>\n<link rel=\"canonical\" href=\"https:\/\/heck.pl\/?page_id=93\" \/>\n<meta property=\"og:locale\" content=\"en_US\" \/>\n<meta property=\"og:type\" content=\"article\" \/>\n<meta property=\"og:title\" content=\"Kontakt - MICHA\u0141 HECK\" \/>\n<meta property=\"og:description\" content=\"mgr in\u017c. arch. Micha\u0142 Heck tel. +48 604 180 623 heck@heck.pl\" \/>\n<meta property=\"og:url\" content=\"https:\/\/heck.pl\/?page_id=93\" \/>\n<meta property=\"og:site_name\" content=\"MICHA\u0141 HECK\" \/>\n<meta property=\"article:modified_time\" content=\"2022-06-23T09:42:49+00:00\" \/>\n<meta name=\"twitter:card\" content=\"summary_large_image\" \/>\n<meta name=\"twitter:label1\" content=\"Est. reading time\" \/>\n\t<meta name=\"twitter:data1\" content=\"1 minute\" \/>\n<script type=\"application\/ld+json\" class=\"yoast-schema-graph\">{\"@context\":\"https:\/\/schema.org\",\"@graph\":[{\"@type\":\"WebSite\",\"@id\":\"https:\/\/heck.pl\/#website\",\"url\":\"https:\/\/heck.pl\/\",\"name\":\"MICHA\u0141 HECK\",\"description\":\"P R O J E K T O W A N I E  I  O B S \u0141 U G A   I N W E S T Y C J I\",\"potentialAction\":[{\"@type\":\"SearchAction\",\"target\":{\"@type\":\"EntryPoint\",\"urlTemplate\":\"https:\/\/heck.pl\/?s={search_term_string}\"},\"query-input\":\"required name=search_term_string\"}],\"inLanguage\":\"en-US\"},{\"@type\":\"WebPage\",\"@id\":\"https:\/\/heck.pl\/?page_id=93#webpage\",\"url\":\"https:\/\/heck.pl\/?page_id=93\",\"name\":\"Kontakt - MICHA\u0141 HECK\",\"isPartOf\":{\"@id\":\"https:\/\/heck.pl\/#website\"},\"datePublished\":\"2018-03-30T05:42:34+00:00\",\"dateModified\":\"2022-06-23T09:42:49+00:00\",\"breadcrumb\":{\"@id\":\"https:\/\/heck.pl\/?page_id=93#breadcrumb\"},\"inLanguage\":\"en-US\",\"potentialAction\":[{\"@type\":\"ReadAction\",\"target\":[\"https:\/\/heck.pl\/?page_id=93\"]}]},{\"@type\":\"BreadcrumbList\",\"@id\":\"https:\/\/heck.pl\/?page_id=93#breadcrumb\",\"itemListElement\":[{\"@type\":\"ListItem\",\"position\":1,\"name\":\"Home\",\"item\":\"https:\/\/heck.pl\/\"},{\"@type\":\"ListItem\",\"position\":2,\"name\":\"Kontakt\"}]}]}<\/script>\n<!-- \/ Yoast SEO plugin. -->","yoast_head_json":{"title":"Kontakt - MICHA\u0141 HECK","robots":{"index":"index","follow":"follow","max-snippet":"max-snippet:-1","max-image-preview":"max-image-preview:large","max-video-preview":"max-video-preview:-1"},"canonical":"https:\/\/heck.pl\/?page_id=93","og_locale":"en_US","og_type":"article","og_title":"Kontakt - MICHA\u0141 HECK","og_description":"mgr in\u017c. arch. Micha\u0142 Heck tel. +48 604 180 623 heck@heck.pl","og_url":"https:\/\/heck.pl\/?page_id=93","og_site_name":"MICHA\u0141 HECK","article_modified_time":"2022-06-23T09:42:49+00:00","twitter_card":"summary_large_image","twitter_misc":{"Est. reading time":"1 minute"},"schema":{"@context":"https:\/\/schema.org","@graph":[{"@type":"WebSite","@id":"https:\/\/heck.pl\/#website","url":"https:\/\/heck.pl\/","name":"MICHA\u0141 HECK","description":"P R O J E K T O W A N I E  I  O B S \u0141 U G A   I N W E S T Y C J I","potentialAction":[{"@type":"SearchAction","target":{"@type":"EntryPoint","urlTemplate":"https:\/\/heck.pl\/?s={search_term_string}"},"query-input":"required name=search_term_string"}],"inLanguage":"en-US"},{"@type":"WebPage","@id":"https:\/\/heck.pl\/?page_id=93#webpage","url":"https:\/\/heck.pl\/?page_id=93","name":"Kontakt - MICHA\u0141 HECK","isPartOf":{"@id":"https:\/\/heck.pl\/#website"},"datePublished":"2018-03-30T05:42:34+00:00","dateModified":"2022-06-23T09:42:49+00:00","breadcrumb":{"@id":"https:\/\/heck.pl\/?page_id=93#breadcrumb"},"inLanguage":"en-US","potentialAction":[{"@type":"ReadAction","target":["https:\/\/heck.pl\/?page_id=93"]}]},{"@type":"BreadcrumbList","@id":"https:\/\/heck.pl\/?page_id=93#breadcrumb","itemListElement":[{"@type":"ListItem","position":1,"name":"Home","item":"https:\/\/heck.pl\/"},{"@type":"ListItem","position":2,"name":"Kontakt"}]}]}},"_links":{"self":[{"href":"http:\/\/heck.pl\/index.php?rest_route=\/wp\/v2\/pages\/93","targetHints":{"allow":["GET"]}}],"collection":[{"href":"http:\/\/heck.pl\/index.php?rest_route=\/wp\/v2\/pages"}],"about":[{"href":"http:\/\/heck.pl\/index.php?rest_route=\/wp\/v2\/types\/page"}],"author":[{"embeddable":true,"href":"http:\/\/heck.pl\/index.php?rest_route=\/wp\/v2\/users\/1"}],"replies":[{"embeddable":true,"href":"http:\/\/heck.pl\/index.php?rest_route=%2Fwp%2Fv2%2Fcomments&post=93"}],"version-history":[{"count":13,"href":"http:\/\/heck.pl\/index.php?rest_route=\/wp\/v2\/pages\/93\/revisions"}],"predecessor-version":[{"id":149,"href":"http:\/\/heck.pl\/index.php?rest_route=\/wp\/v2\/pages\/93\/revisions\/149"}],"wp:attachment":[{"href":"http:\/\/heck.pl\/index.php?rest_route=%2Fwp%2Fv2%2Fmedia&parent=93"}],"curies":[{"name":"wp","href":"https:\/\/api.w.org\/{rel}","templated":true}]}}